{"id":251,"date":"2025-06-05T07:20:29","date_gmt":"2025-06-05T07:20:29","guid":{"rendered":"https:\/\/yuelaifa.com\/?post_type=product&#038;p=251"},"modified":"2025-06-21T08:26:54","modified_gmt":"2025-06-21T08:26:54","slug":"%e7%a0%82%e5%b8%a6%e6%9c%ba","status":"publish","type":"product","link":"https:\/\/yuelaifa.com\/en\/product\/%e7%a0%82%e5%b8%a6%e6%9c%ba\/","title":{"rendered":"belt sander"},"content":{"rendered":"<div style=\"width: 1080px;\" class=\"wp-video\"><!--[if lt IE 9]><script>document.createElement('video');<\/script><![endif]-->\n<video class=\"wp-video-shortcode\" id=\"video-251-1\" width=\"1080\" height=\"1920\" preload=\"metadata\" controls=\"controls\"><source type=\"video\/mp4\" src=\"https:\/\/yuelaifa.com\/wp-content\/uploads\/2025\/06\/\u7802\u888b\u673a.mp4?_=1\" \/><a href=\"https:\/\/yuelaifa.com\/wp-content\/uploads\/2025\/06\/\u7802\u888b\u673a.mp4\">https:\/\/yuelaifa.com\/wp-content\/uploads\/2025\/06\/\u7802\u888b\u673a.mp4<\/a><\/video><\/div>\n<p>\u9879\u76ee SD-150\u624b\u52a8\u578b SD-300\u81ea\u52a8\u578b SD-CNC\u7cbe\u5bc6\u578b<\/p>\n<p>\u7802\u5e26\u5bbd\u5ea6 50-150mm 100-300mm 50-200mm<\/p>\n<p>\u7802\u5e26\u5468\u957f 1000-2000mm 1500-3000mm 1200-2500mm<\/p>\n<p>\u7535\u673a\u529f\u7387 1.5kW 4.0kW 7.5kW<\/p>\n<p>\u8f6c\u901f\u8303\u56f4 1400-2800r\/min 1200-2500r\/min 1000-2000r\/min<\/p>\n<p>\u6700\u5927\u52a0\u5de5\u5bbd\u5ea6 150mm 300mm 200mm<\/p>\n<p>\u5de5\u4f5c\u53f0\u5c3a\u5bf8 600\u00d7300mm 1200\u00d7500mm 800\u00d7400mm<\/p>\n<p>\u5916\u5f62\u5c3a\u5bf8 800\u00d7600\u00d71200mm 1500\u00d7800\u00d71600mm 1200\u00d7700\u00d71500mm<\/p>\n<p>\u6574\u673a\u91cd\u91cf 80kg 220kg 350kg<\/p>","protected":false},"excerpt":{"rendered":"<p>\u7802\u5e26\u673a\u5728\u91d1\u5c5e\u52a0\u5de5\u3001\u6728\u6750\u6253\u78e8\u7b49\u65b9\u9762\u8868\u73b0\u51fa\u8272\uff0c\u53ef\u5bf9\u5404\u7c7b\u6750\u6599\u8868\u9762\u8fdb\u884c\u7cbe\u7ec6\u6253\u78e8\u5904\u7406\uff0c\u786e\u4fdd\u4ea7\u54c1\u8868\u9762\u5e73\u6574\u5ea6\u4e0e\u5149\u6d01\u5ea6\uff0c\u6ee1\u8db3\u4e0d\u540c\u884c\u4e1a\u5bf9\u4ea7\u54c1\u8868\u9762\u8d28\u91cf\u7684\u4e25\u683c\u8981\u6c42\u3002\u7cbe\u5bc6\u6253\u78e8\u6280\u672f\uff0c\u6ee1\u8db3\u91d1\u5c5e\u3001\u6728\u6750\u8868\u9762\u5904\u7406\u9ad8\u8981\u6c42\uff0c\u5149\u6d01\u5ea6\u8fbe\u884c\u4e1a\u9876\u7ea7\u6807\u51c6\u3002<\/p>","protected":false},"featured_media":252,"comment_status":"open","ping_status":"closed","template":"","meta":{"site-sidebar-layout":"default","site-content-layout":"","ast-site-content-layout":"default","site-content-style":"default","site-sidebar-style":"default","ast-global-header-display":"","ast-banner-title-visibility":"","ast-main-header-display":"","ast-hfb-above-header-display":"","ast-hfb-below-header-display":"","ast-hfb-mobile-header-display":"","site-post-title":"","ast-breadcrumbs-content":"","ast-featured-img":"","footer-sml-layout":"","theme-transparent-header-meta":"default","adv-header-id-meta":"","stick-header-meta":"","header-above-stick-meta":"","header-main-stick-meta":"","header-below-stick-meta":"","astra-migrate-meta-layouts":"set","ast-page-background-enabled":"default","ast-page-background-meta":{"desktop":{"background-color":"var(--ast-global-color-4)","background-image":"","background-repeat":"repeat","background-position":"center center","background-size":"auto","background-attachment":"scroll","background-type":"","background-media":"","overlay-type":"","overlay-color":"","overlay-opacity":"","overlay-gradient":""},"tablet":{"background-color":"","background-image":"","background-repeat":"repeat","background-position":"center center","background-size":"auto","background-attachment":"scroll","background-type":"","background-media":"","overlay-type":"","overlay-color":"","overlay-opacity":"","overlay-gradient":""},"mobile":{"background-color":"","background-image":"","background-repeat":"repeat","background-position":"center center","background-size":"auto","background-attachment":"scroll","background-type":"","background-media":"","overlay-type":"","overlay-color":"","overlay-opacity":"","overlay-gradient":""}},"ast-content-background-meta":{"desktop":{"background-color":"var(--ast-global-color-5)","background-image":"","background-repeat":"repeat","background-position":"center center","background-size":"auto","background-attachment":"scroll","background-type":"","background-media":"","overlay-type":"","overlay-color":"","overlay-opacity":"","overlay-gradient":""},"tablet":{"background-color":"var(--ast-global-color-5)","background-image":"","background-repeat":"repeat","background-position":"center center","background-size":"auto","background-attachment":"scroll","background-type":"","background-media":"","overlay-type":"","overlay-color":"","overlay-opacity":"","overlay-gradient":""},"mobile":{"background-color":"var(--ast-global-color-5)","background-image":"","background-repeat":"repeat","background-position":"center center","background-size":"auto","background-attachment":"scroll","background-type":"","background-media":"","overlay-type":"","overlay-color":"","overlay-opacity":"","overlay-gradient":""}}},"product_brand":[],"product_cat":[21],"product_tag":[],"class_list":{"0":"post-251","1":"product","2":"type-product","3":"status-publish","4":"has-post-thumbnail","6":"product_cat-uncategorized","7":"desktop-align-left","8":"tablet-align-left","9":"mobile-align-left","11":"first","12":"instock","13":"shipping-taxable","14":"product-type-simple"},"yoast_head":"<!-- This site is optimized with the Yoast SEO Premium plugin v24.4 (Yoast SEO v24.4) - https:\/\/yoast.com\/wordpress\/plugins\/seo\/ -->\n<title>\u7802\u5e26\u673a - AI Mechanical Hand<\/title>\n<meta name=\"robots\" content=\"index, follow, max-snippet:-1, max-image-preview:large, max-video-preview:-1\" \/>\n<link rel=\"canonical\" href=\"https:\/\/yuelaifa.com\/en\/product\/\u7802\u5e26\u673a\/\" \/>\n<meta property=\"og:locale\" content=\"en_GB\" \/>\n<meta property=\"og:type\" content=\"article\" \/>\n<meta property=\"og:title\" content=\"\u7802\u5e26\u673a\" \/>\n<meta property=\"og:description\" content=\"\u7802\u5e26\u673a\u5728\u91d1\u5c5e\u52a0\u5de5\u3001\u6728\u6750\u6253\u78e8\u7b49\u65b9\u9762\u8868\u73b0\u51fa\u8272\uff0c\u53ef\u5bf9\u5404\u7c7b\u6750\u6599\u8868\u9762\u8fdb\u884c\u7cbe\u7ec6\u6253\u78e8\u5904\u7406\uff0c\u786e\u4fdd\u4ea7\u54c1\u8868\u9762\u5e73\u6574\u5ea6\u4e0e\u5149\u6d01\u5ea6\uff0c\u6ee1\u8db3\u4e0d\u540c\u884c\u4e1a\u5bf9\u4ea7\u54c1\u8868\u9762\u8d28\u91cf\u7684\u4e25\u683c\u8981\u6c42\u3002\u7cbe\u5bc6\u6253\u78e8\u6280\u672f\uff0c\u6ee1\u8db3\u91d1\u5c5e\u3001\u6728\u6750\u8868\u9762\u5904\u7406\u9ad8\u8981\u6c42\uff0c\u5149\u6d01\u5ea6\u8fbe\u884c\u4e1a\u9876\u7ea7\u6807\u51c6\u3002\" \/>\n<meta property=\"og:url\" content=\"https:\/\/yuelaifa.com\/en\/product\/\u7802\u5e26\u673a\/\" \/>\n<meta property=\"og:site_name\" content=\"AI Mechanical Hand\" \/>\n<meta property=\"article:modified_time\" content=\"2025-06-21T08:26:54+00:00\" \/>\n<meta property=\"og:image\" content=\"https:\/\/yuelaifa.com\/wp-content\/uploads\/2025\/06\/\u7802\u5e26\u673a-4.jpg\" \/>\n\t<meta property=\"og:image:width\" content=\"500\" \/>\n\t<meta property=\"og:image:height\" content=\"500\" \/>\n\t<meta property=\"og:image:type\" content=\"image\/jpeg\" \/>\n<meta name=\"twitter:card\" content=\"summary_large_image\" \/>\n<meta name=\"twitter:label1\" content=\"Estimated reading time\" \/>\n\t<meta name=\"twitter:data1\" content=\"1 minute\" \/>\n<script type=\"application\/ld+json\" class=\"yoast-schema-graph\">{\"@context\":\"https:\/\/schema.org\",\"@graph\":[{\"@type\":\"WebPage\",\"@id\":\"https:\/\/yuelaifa.com\/product\/%e7%a0%82%e5%b8%a6%e6%9c%ba\/\",\"url\":\"https:\/\/yuelaifa.com\/product\/%e7%a0%82%e5%b8%a6%e6%9c%ba\/\",\"name\":\"\u7802\u5e26\u673a - AI Mechanical Hand\",\"isPartOf\":{\"@id\":\"https:\/\/yuelaifa.com\/#website\"},\"primaryImageOfPage\":{\"@id\":\"https:\/\/yuelaifa.com\/product\/%e7%a0%82%e5%b8%a6%e6%9c%ba\/#primaryimage\"},\"image\":{\"@id\":\"https:\/\/yuelaifa.com\/product\/%e7%a0%82%e5%b8%a6%e6%9c%ba\/#primaryimage\"},\"thumbnailUrl\":\"https:\/\/yuelaifa.com\/wp-content\/uploads\/2025\/06\/\u7802\u5e26\u673a-4.jpg\",\"datePublished\":\"2025-06-05T07:20:29+00:00\",\"dateModified\":\"2025-06-21T08:26:54+00:00\",\"breadcrumb\":{\"@id\":\"https:\/\/yuelaifa.com\/product\/%e7%a0%82%e5%b8%a6%e6%9c%ba\/#breadcrumb\"},\"inLanguage\":\"en-GB\",\"potentialAction\":[{\"@type\":\"ReadAction\",\"target\":[\"https:\/\/yuelaifa.com\/product\/%e7%a0%82%e5%b8%a6%e6%9c%ba\/\"]}]},{\"@type\":\"ImageObject\",\"inLanguage\":\"en-GB\",\"@id\":\"https:\/\/yuelaifa.com\/product\/%e7%a0%82%e5%b8%a6%e6%9c%ba\/#primaryimage\",\"url\":\"https:\/\/yuelaifa.com\/wp-content\/uploads\/2025\/06\/\u7802\u5e26\u673a-4.jpg\",\"contentUrl\":\"https:\/\/yuelaifa.com\/wp-content\/uploads\/2025\/06\/\u7802\u5e26\u673a-4.jpg\",\"width\":500,\"height\":500},{\"@type\":\"BreadcrumbList\",\"@id\":\"https:\/\/yuelaifa.com\/product\/%e7%a0%82%e5%b8%a6%e6%9c%ba\/#breadcrumb\",\"itemListElement\":[{\"@type\":\"ListItem\",\"position\":1,\"name\":\"Home\",\"item\":\"https:\/\/yuelaifa.com\/\"},{\"@type\":\"ListItem\",\"position\":2,\"name\":\"Shop\",\"item\":\"https:\/\/yuelaifa.com\/shop\/\"},{\"@type\":\"ListItem\",\"position\":3,\"name\":\"\u7802\u5e26\u673a\"}]},{\"@type\":\"WebSite\",\"@id\":\"https:\/\/yuelaifa.com\/#website\",\"url\":\"https:\/\/yuelaifa.com\/\",\"name\":\"AI Mechanical Hand\",\"description\":\"Intelligent Manufacturing Core\",\"publisher\":{\"@id\":\"https:\/\/yuelaifa.com\/#organization\"},\"potentialAction\":[{\"@type\":\"SearchAction\",\"target\":{\"@type\":\"EntryPoint\",\"urlTemplate\":\"https:\/\/yuelaifa.com\/?s={search_term_string}\"},\"query-input\":{\"@type\":\"PropertyValueSpecification\",\"valueRequired\":true,\"valueName\":\"search_term_string\"}}],\"inLanguage\":\"en-GB\"},{\"@type\":\"Organization\",\"@id\":\"https:\/\/yuelaifa.com\/#organization\",\"name\":\"AI Mechanical Hand\",\"url\":\"https:\/\/yuelaifa.com\/\",\"logo\":{\"@type\":\"ImageObject\",\"inLanguage\":\"en-GB\",\"@id\":\"https:\/\/yuelaifa.com\/#\/schema\/logo\/image\/\",\"url\":\"https:\/\/yuelaifa.com\/wp-content\/uploads\/2025\/05\/\u6a2a\u7248Logo-scaled.png\",\"contentUrl\":\"https:\/\/yuelaifa.com\/wp-content\/uploads\/2025\/05\/\u6a2a\u7248Logo-scaled.png\",\"width\":2560,\"height\":711,\"caption\":\"AI Mechanical Hand\"},\"image\":{\"@id\":\"https:\/\/yuelaifa.com\/#\/schema\/logo\/image\/\"}}]}<\/script>\n<!-- \/ Yoast SEO Premium plugin. -->","yoast_head_json":{"title":"\u7802\u5e26\u673a - AI Mechanical Hand","robots":{"index":"index","follow":"follow","max-snippet":"max-snippet:-1","max-image-preview":"max-image-preview:large","max-video-preview":"max-video-preview:-1"},"canonical":"https:\/\/yuelaifa.com\/en\/product\/\u7802\u5e26\u673a\/","og_locale":"en_GB","og_type":"article","og_title":"\u7802\u5e26\u673a","og_description":"\u7802\u5e26\u673a\u5728\u91d1\u5c5e\u52a0\u5de5\u3001\u6728\u6750\u6253\u78e8\u7b49\u65b9\u9762\u8868\u73b0\u51fa\u8272\uff0c\u53ef\u5bf9\u5404\u7c7b\u6750\u6599\u8868\u9762\u8fdb\u884c\u7cbe\u7ec6\u6253\u78e8\u5904\u7406\uff0c\u786e\u4fdd\u4ea7\u54c1\u8868\u9762\u5e73\u6574\u5ea6\u4e0e\u5149\u6d01\u5ea6\uff0c\u6ee1\u8db3\u4e0d\u540c\u884c\u4e1a\u5bf9\u4ea7\u54c1\u8868\u9762\u8d28\u91cf\u7684\u4e25\u683c\u8981\u6c42\u3002\u7cbe\u5bc6\u6253\u78e8\u6280\u672f\uff0c\u6ee1\u8db3\u91d1\u5c5e\u3001\u6728\u6750\u8868\u9762\u5904\u7406\u9ad8\u8981\u6c42\uff0c\u5149\u6d01\u5ea6\u8fbe\u884c\u4e1a\u9876\u7ea7\u6807\u51c6\u3002","og_url":"https:\/\/yuelaifa.com\/en\/product\/\u7802\u5e26\u673a\/","og_site_name":"AI Mechanical Hand","article_modified_time":"2025-06-21T08:26:54+00:00","og_image":[{"width":500,"height":500,"url":"https:\/\/yuelaifa.com\/wp-content\/uploads\/2025\/06\/\u7802\u5e26\u673a-4.jpg","type":"image\/jpeg"}],"twitter_card":"summary_large_image","twitter_misc":{"Estimated reading time":"1 minute"},"schema":{"@context":"https:\/\/schema.org","@graph":[{"@type":"WebPage","@id":"https:\/\/yuelaifa.com\/product\/%e7%a0%82%e5%b8%a6%e6%9c%ba\/","url":"https:\/\/yuelaifa.com\/product\/%e7%a0%82%e5%b8%a6%e6%9c%ba\/","name":"\u7802\u5e26\u673a - AI Mechanical Hand","isPartOf":{"@id":"https:\/\/yuelaifa.com\/#website"},"primaryImageOfPage":{"@id":"https:\/\/yuelaifa.com\/product\/%e7%a0%82%e5%b8%a6%e6%9c%ba\/#primaryimage"},"image":{"@id":"https:\/\/yuelaifa.com\/product\/%e7%a0%82%e5%b8%a6%e6%9c%ba\/#primaryimage"},"thumbnailUrl":"https:\/\/yuelaifa.com\/wp-content\/uploads\/2025\/06\/\u7802\u5e26\u673a-4.jpg","datePublished":"2025-06-05T07:20:29+00:00","dateModified":"2025-06-21T08:26:54+00:00","breadcrumb":{"@id":"https:\/\/yuelaifa.com\/product\/%e7%a0%82%e5%b8%a6%e6%9c%ba\/#breadcrumb"},"inLanguage":"en-GB","potentialAction":[{"@type":"ReadAction","target":["https:\/\/yuelaifa.com\/product\/%e7%a0%82%e5%b8%a6%e6%9c%ba\/"]}]},{"@type":"ImageObject","inLanguage":"en-GB","@id":"https:\/\/yuelaifa.com\/product\/%e7%a0%82%e5%b8%a6%e6%9c%ba\/#primaryimage","url":"https:\/\/yuelaifa.com\/wp-content\/uploads\/2025\/06\/\u7802\u5e26\u673a-4.jpg","contentUrl":"https:\/\/yuelaifa.com\/wp-content\/uploads\/2025\/06\/\u7802\u5e26\u673a-4.jpg","width":500,"height":500},{"@type":"BreadcrumbList","@id":"https:\/\/yuelaifa.com\/product\/%e7%a0%82%e5%b8%a6%e6%9c%ba\/#breadcrumb","itemListElement":[{"@type":"ListItem","position":1,"name":"Home","item":"https:\/\/yuelaifa.com\/"},{"@type":"ListItem","position":2,"name":"Shop","item":"https:\/\/yuelaifa.com\/shop\/"},{"@type":"ListItem","position":3,"name":"\u7802\u5e26\u673a"}]},{"@type":"WebSite","@id":"https:\/\/yuelaifa.com\/#website","url":"https:\/\/yuelaifa.com\/","name":"AI Mechanical Hand","description":"Intelligent Manufacturing Core","publisher":{"@id":"https:\/\/yuelaifa.com\/#organization"},"potentialAction":[{"@type":"SearchAction","target":{"@type":"EntryPoint","urlTemplate":"https:\/\/yuelaifa.com\/?s={search_term_string}"},"query-input":{"@type":"PropertyValueSpecification","valueRequired":true,"valueName":"search_term_string"}}],"inLanguage":"en-GB"},{"@type":"Organization","@id":"https:\/\/yuelaifa.com\/#organization","name":"AI Mechanical Hand","url":"https:\/\/yuelaifa.com\/","logo":{"@type":"ImageObject","inLanguage":"en-GB","@id":"https:\/\/yuelaifa.com\/#\/schema\/logo\/image\/","url":"https:\/\/yuelaifa.com\/wp-content\/uploads\/2025\/05\/\u6a2a\u7248Logo-scaled.png","contentUrl":"https:\/\/yuelaifa.com\/wp-content\/uploads\/2025\/05\/\u6a2a\u7248Logo-scaled.png","width":2560,"height":711,"caption":"AI Mechanical Hand"},"image":{"@id":"https:\/\/yuelaifa.com\/#\/schema\/logo\/image\/"}}]}},"_links":{"self":[{"href":"https:\/\/yuelaifa.com\/en\/wp-json\/wp\/v2\/product\/251","targetHints":{"allow":["GET"]}}],"collection":[{"href":"https:\/\/yuelaifa.com\/en\/wp-json\/wp\/v2\/product"}],"about":[{"href":"https:\/\/yuelaifa.com\/en\/wp-json\/wp\/v2\/types\/product"}],"replies":[{"embeddable":true,"href":"https:\/\/yuelaifa.com\/en\/wp-json\/wp\/v2\/comments?post=251"}],"wp:featuredmedia":[{"embeddable":true,"href":"https:\/\/yuelaifa.com\/en\/wp-json\/wp\/v2\/media\/252"}],"wp:attachment":[{"href":"https:\/\/yuelaifa.com\/en\/wp-json\/wp\/v2\/media?parent=251"}],"wp:term":[{"taxonomy":"product_brand","embeddable":true,"href":"https:\/\/yuelaifa.com\/en\/wp-json\/wp\/v2\/product_brand?post=251"},{"taxonomy":"product_cat","embeddable":true,"href":"https:\/\/yuelaifa.com\/en\/wp-json\/wp\/v2\/product_cat?post=251"},{"taxonomy":"product_tag","embeddable":true,"href":"https:\/\/yuelaifa.com\/en\/wp-json\/wp\/v2\/product_tag?post=251"}],"curies":[{"name":"wp","href":"https:\/\/api.w.org\/{rel}","templated":true}]}}